{"id":21539,"date":"2026-01-23T11:57:13","date_gmt":"2026-01-23T09:57:13","guid":{"rendered":"https:\/\/landimeister.ee\/?page_id=21539"},"modified":"2026-01-23T11:57:20","modified_gmt":"2026-01-23T09:57:20","slug":"%d0%bf%d0%be%d0%bb%d0%b8%d1%82%d0%b8%d0%ba%d0%b0-%d0%ba%d0%be%d0%bd%d1%84%d0%b8%d0%b4%d0%b5%d0%bd%d1%86%d0%b8%d0%b0%d0%bb%d1%8c%d0%bd%d0%be%d1%81%d1%82%d0%b8","status":"publish","type":"page","link":"https:\/\/landimeister.ee\/ru\/%d0%bf%d0%be%d0%bb%d0%b8%d1%82%d0%b8%d0%ba%d0%b0-%d0%ba%d0%be%d0%bd%d1%84%d0%b8%d0%b4%d0%b5%d0%bd%d1%86%d0%b8%d0%b0%d0%bb%d1%8c%d0%bd%d0%be%d1%81%d1%82%d0%b8\/","title":{"rendered":"\u041f\u043e\u043b\u0438\u0442\u0438\u043a\u0430 \u043a\u043e\u043d\u0444\u0438\u0434\u0435\u043d\u0446\u0438\u0430\u043b\u044c\u043d\u043e\u0441\u0442\u0438"},"content":{"rendered":"<div class=\"fusion-fullwidth fullwidth-box fusion-builder-row-1 gradient-container-1 nonhundred-percent-fullwidth non-hundred-percent-height-scrolling\" style=\"--awb-border-radius-top-left:0px;--awb-border-radius-top-right:0px;--awb-border-radius-bottom-right:0px;--awb-border-radius-bottom-left:0px;--awb-flex-wrap:wrap;\" ><div class=\"fusion-builder-row fusion-row\"><div class=\"fusion-layout-column fusion_builder_column fusion-builder-column-0 fusion_builder_column_1_1 1_1 fusion-one-full fusion-column-first fusion-column-last\" style=\"--awb-bg-size:cover;\"><div class=\"fusion-column-wrapper fusion-flex-column-wrapper-legacy\"><div class=\"fusion-text fusion-text-1\"><h1>Privaatsustingimused<\/h1>\n<h3>Kes me oleme?<\/h3>\n<p>FISHDREAM O\u00dc jaoks on oluline kaitsta klientide privaatsust. Anname omalt poolt k\u00f5ik, et klientide andmed ei j\u00f5uaks peale meie ja meie volitatud isikute kellegi teiseni.<\/p>\n<p>Meie tegevus internetis on koosk\u00f5las k\u00f5igi Eesti Vabariigi seadustega ja vastavate Euroopa Liidu \u00f5igusaktidega.<\/p>\n<h3 class=\"fusion-responsive-typography-calculated\" data-fontsize=\"22\" data-lineheight=\"33px\">Isikuandmete kogumine ja kasutamine:<\/h3>\n<p>Isikuandmed on andmed, mida FISHDREAM O\u00dc kogub isiku tuvastamiseks v\u00f5i temaga \u00fchenduse v\u00f5tmiseks. Keegi ei ole kohustatud oma isikuandmeid meiega jagama, kuid see on vajalik selleks, et saaksime edasi suhelda.<\/p>\n<h3 class=\"fusion-responsive-typography-calculated\" data-fontsize=\"22\" data-lineheight=\"33px\">Isikuandmete kogumine toimub kliendi n\u00f5usolekul allj\u00e4rgnevatel viisidel:<\/h3>\n<ul>\n<li>Kontaktandmete sisestamisel l\u00e4bi kontaktivormi (sh nimi, e-post, telefoninumber) esitamisel meie veebisaidil.<\/li>\n<li>K\u00fcpsiste (cookie) kaudu<\/li>\n<\/ul>\n<h3 class=\"fusion-responsive-typography-calculated\" data-fontsize=\"22\" data-lineheight=\"33px\">K\u00fcpsised:<\/h3>\n<p>Kasutajate paremaks teenindamiseks kasutab FISHDREAM O\u00dc veebileht k\u00fcpsiseid ehk cookie\u2019sid.<\/p>\n<p>K\u00fcpsis on tekstifail, mille saadavad ja salvestavad kasutaja arvutisse veebilehed, mida kasutaja k\u00fclastab. K\u00fcpsis salvestatakse kasutaja veebilehitseja failikataloogi. Juhul kui kasutaja on veebilehte varem k\u00fclastanud, loeb veebilehitseja k\u00fcpsist ning edastab vastava teabe veebilehele v\u00f5i elemendile, mis k\u00fcpsise algul salvestas. Lisateave k\u00fcpsiste kohta on k\u00e4ttesaadav veebilehel\u00a0<a href=\"http:\/\/www.aki.ee\/kupsised\" target=\"_blank\" rel=\"noopener\">http:\/\/www.aki.ee\/kupsised<\/a>\u00a0. K\u00fcpsised v\u00f5imaldavad j\u00e4lgida veebilehe kasutusstatistikat, rubriikide populaarsust ning muid veebilehel tehtavaid toiminguid. K\u00fcpsisest saadavat teavet kasutatakse veebilehe kasutusmugavuse ja sisu parandamise eesm\u00e4rgil.<\/p>\n<p>Kasutatavad k\u00fcpsiste t\u00fc\u00fcbid on j\u00e4rgnevad:<br \/>\n<strong>P\u00fcsik\u00fcpsised\u00a0<\/strong>on h\u00e4davajalikud veebilehel ringi liikumiseks ja selle funktsioonide kasutamiseks. P\u00fcsik\u00fcpsiste puudumisel ei saaks kasutaja kasutada k\u00f5iki veebilehe funktsioone.<br \/>\n<strong>Sessioonik\u00fcpsised<\/strong>\u00a0v\u00f5imaldavad veebilehel meelde j\u00e4tta kasutaja poolt tehtud varasemaid valikuid (n\u00e4iteks kasutajanimi, keelevalik jne) ning pakkuda seel\u00e4bi t\u00f5husamaid ja isikup\u00e4rasemaid funktsioone. J\u00e4lgimisk\u00fcpsised koguvad andmeid kasutaja k\u00e4itumisest veebilehel.<br \/>\n<strong>J\u00e4lgimisk\u00fcpsisest<\/strong>\u00a0saadav informatsioon v\u00f5imaldab t\u00f5sta veebilehe kasutusmugavust. Reklaamk\u00fcpsised koguvad andmeid kasutaja sirvimisharjumuste kohta, mis omakorda v\u00f5imaldavad veebilehel esitada kasutaja eelistustega koosk\u00f5las olevat reklaamisisu. Lisaks v\u00f5imaldab vastav k\u00fcpsiseliik m\u00f5\u00f5ta reklaamikampaania t\u00f5husust.<\/p>\n<p>Kasutajal on \u00f5igus keelduda k\u00fcpsiste salvestamisest arvutisse. Vastava soovi korral peab kasutaja muutma oma veebilehitseja seadeid. Eri t\u00fc\u00fcpi veebilehitsejad kasutavad k\u00fcpsiste keelamiseks erinevaid meetodeid. T\u00e4psem informatsioon on kuvatud veebilehel\u00a0<a href=\"http:\/\/www.aki.ee\/kupsised\" target=\"_blank\" rel=\"noopener\">http:\/\/www.aki.ee\/kupsised<\/a>\u00a0.<\/p>\n<p>K\u00fcpsiste blokeerimisel peab kasutaja arvestama, et k\u00f5ik veebilehe funktsioonid ei pruugi p\u00e4rast k\u00fcpsiste blokeerimist enam kasutajale k\u00e4ttesaadavad olla.<\/p>\n<h3 class=\"fusion-responsive-typography-calculated\" data-fontsize=\"22\" data-lineheight=\"33px\">Isikliku info \u00fclekanne:<\/h3>\n<p>Samuti kasutame oma t\u00f6\u00f6s k\u00fcpsiste kaudu osalisi andmete \u00fclekannet. Me ei anna \u00fcle teie nime, e-posti, telefoni. Kasutame \u00fclekandeks IP\u2019d. Seda selleks, et saaksime kasutada oma turundust\u00f6\u00f6s vajalikke programme. N\u00e4iteks Google Analytics. Programmid kasutavad meie edastatavat infot, et hinnata meie lehe kasutust teie kasutajamugavuse parandamiseks. Et ka tulevikus oleks leht sama hea ning isegi parem.<\/p>\n<p>Vajadusel saate ennetada seda keelates oma arvutis k\u00fcpsised, kuid see segaks kasutajamugavust tohutult.<\/p>\n<h3 class=\"fusion-responsive-typography-calculated\" data-fontsize=\"22\" data-lineheight=\"33px\">Informatsioon, andmete muutmine v\u00f5i kustutamine:<\/h3>\n<p>F\u00f6deraalse andmekaitseseaduse all on teil \u00f5igus ligip\u00e4\u00e4sule oma andmetele ja \u00f5igus seda muuta ja kustutada.<\/p>\n<h3 class=\"fusion-responsive-typography-calculated\" data-fontsize=\"22\" data-lineheight=\"33px\">\u00d5igus informatsioonile:<\/h3>\n<p>Kui Teil tekib k\u00fcsimusi meie privaatsuse kaitsepoliitika v\u0151i Teie isiklike andmete t\u00f6\u00f6tlemise suhtes, kontakteeruge julgelt meie e-maili teel <a href=\"mailto:info@landimeister.ee\">info@landimeister.ee<\/a><\/p>\n<h3 class=\"fusion-responsive-typography-calculated\" data-fontsize=\"22\" data-lineheight=\"33px\">Tingimused ja muudatused:<\/h3>\n<p>J\u00e4tame endale \u00f5iguse vajadusel privaatsuspoliitikat muuta. Meie veebisaiti kasutama asudes, eeldame, et oled nende p\u00f5him\u00f5tetega tutvunud ning n\u00f5ustud nendega.<\/p>\n<p>K\u00f5igi privaatsuspoliitika v\u00f5i andmet\u00f6\u00f6tluse kohta tekkivate k\u00fcsimuste v\u00f5i muredega palume v\u00f5tta meiega \u00fchendust <a href=\"mailto:info@landimeister.ee\">info@landimeister.ee<\/a><\/p>\n<\/div><div class=\"fusion-clearfix\"><\/div><\/div><\/div><\/div><\/div>\n","protected":false},"excerpt":{"rendered":"","protected":false},"author":6,"featured_media":0,"parent":0,"menu_order":0,"comment_status":"closed","ping_status":"closed","template":"","meta":{"_acf_changed":false,"footnotes":""},"class_list":["post-21539","page","type-page","status-publish","hentry"],"acf":[],"_links":{"self":[{"href":"https:\/\/landimeister.ee\/ru\/wp-json\/wp\/v2\/pages\/21539","targetHints":{"allow":["GET"]}}],"collection":[{"href":"https:\/\/landimeister.ee\/ru\/wp-json\/wp\/v2\/pages"}],"about":[{"href":"https:\/\/landimeister.ee\/ru\/wp-json\/wp\/v2\/types\/page"}],"author":[{"embeddable":true,"href":"https:\/\/landimeister.ee\/ru\/wp-json\/wp\/v2\/users\/6"}],"replies":[{"embeddable":true,"href":"https:\/\/landimeister.ee\/ru\/wp-json\/wp\/v2\/comments?post=21539"}],"version-history":[{"count":1,"href":"https:\/\/landimeister.ee\/ru\/wp-json\/wp\/v2\/pages\/21539\/revisions"}],"predecessor-version":[{"id":21540,"href":"https:\/\/landimeister.ee\/ru\/wp-json\/wp\/v2\/pages\/21539\/revisions\/21540"}],"wp:attachment":[{"href":"https:\/\/landimeister.ee\/ru\/wp-json\/wp\/v2\/media?parent=21539"}],"curies":[{"name":"wp","href":"https:\/\/api.w.org\/{rel}","templated":true}]}}